{"id":11043,"date":"2018-05-08T01:59:07","date_gmt":"2018-05-07T23:59:07","guid":{"rendered":"http:\/\/www.atomystudio.com\/?page_id=11043"},"modified":"2023-01-26T19:40:31","modified_gmt":"2023-01-26T18:40:31","slug":"contact","status":"publish","type":"page","link":"https:\/\/atomystudio.com\/en\/contact\/","title":{"rendered":"Contact"},"content":{"rendered":"<div class=\"wpb-content-wrapper\"><p>[vc_row row_type=&#8221;1&#8243; blox_class=&#8221;m-bottom kontaktowe1&#8243;][vc_column width=&#8221;6\/12&#8243; css=&#8221;.vc_custom_1491825688084{padding-right: 0px !important;padding-left: 0px !important;}&#8221;][vc_column_text]<\/p>\n<div style=\"width: 100%; height: 120px;\"><\/div>\n<p>[\/vc_column_text][vc_column_text css=&#8221;.vc_custom_1674758403537{margin-bottom: 0px !important;padding-top: 10px !important;padding-right: 20px !important;background-color: #b7d03e !important;}&#8221;]<\/p>\n<div class=\"kontakt black\">\n<h4>Where to find ATOMY STUDIO<\/h4>\n<p>Ul. Grodzisko 41<br \/>\n30-398 Krak\u00f3w<\/p>\n<h4>Here to help<\/h4>\n<p>hello@atomystudio.com<br \/>\n+48 501 61 55 99<\/p>\n<\/div>\n<p>[\/vc_column_text][\/vc_column][vc_column width=&#8221;6\/12&#8243; css=&#8221;.vc_custom_1491824123714{padding-right: 0px !important;padding-left: 0px !important;}&#8221;][vc_single_image image=&#8221;11112&#8243; img_size=&#8221;full&#8221; alignment=&#8221;center&#8221;][\/vc_column][\/vc_row][vc_row row_type=&#8221;1&#8243; blox_class=&#8221;m-bottom&#8221;][vc_column css=&#8221;.vc_custom_1454746472228{padding-top: 5px !important;}&#8221;]<hr class=\"vertical-space3\">[\/vc_column][\/vc_row][vc_row row_type=&#8221;1&#8243; blox_class=&#8221;m-bottom kontaktowe&#8221;][vc_column width=&#8221;5\/12&#8243; css=&#8221;.vc_custom_1491824632587{padding-right: 0px !important;padding-left: 0px !important;background-color: #f9f9f9 !important;}&#8221;][vc_column_text]<\/p>\n<div style=\"width: 100%; background: #fff; height: 200px;\"><\/div>\n<p>[\/vc_column_text][vc_column_text css=&#8221;.vc_custom_1674758424531{padding-top: 10px !important;padding-right: 20px !important;}&#8221;]<\/p>\n<div class=\"kontakt\">\n<h4>Legal information<\/h4>\n<p>Official registered company name:<br \/>\nAtomy Studio S\u0142awomir F\u0105fara<\/p>\n<p>Address:<br \/>\nUl. Grodzisko 41<br \/>\n30-398 Krak\u00f3w<\/p>\n<p>Taxpayer Identification Number (NIP):<br \/>\n868-158-78-77<\/p>\n<\/div>\n<p>[\/vc_column_text][\/vc_column][vc_column width=&#8221;7\/12&#8243; css=&#8221;.vc_custom_1491824123714{padding-right: 0px !important;padding-left: 0px !important;}&#8221;][vc_gmaps link=&#8221;#E-8_JTNDaWZyYW1lJTIwc3JjJTNEJTIyaHR0cHMlM0ElMkYlMkZ3d3cuZ29vZ2xlLmNvbSUyRm1hcHMlMkZlbWJlZCUzRnBiJTNEJTIxMW0xOCUyMTFtMTIlMjExbTMlMjExZDI1NjAuOTIwNDE1MDA0NzAwOCUyMTJkMTkuOTU1OTY3NjE1NzE3NjY4JTIxM2Q1MC4wNjkwNTIwNzk0MjQ2MiUyMTJtMyUyMTFmMCUyMTJmMCUyMTNmMCUyMTNtMiUyMTFpMTAyNCUyMTJpNzY4JTIxNGYxMy4xJTIxM20zJTIxMW0yJTIxMXMweDQ3MTY1YjFmNDkzZjRmZTMlMjUzQTB4MzdkNWQyYmIzNjJlNTYxZSUyMTJzQXRvbXklMkJTdHVkaW8lMjE1ZTAlMjEzbTIlMjExc3BsJTIxMnNwbCUyMTR2MTQ4Nzg5NTMwMzM3NSUyMiUyMHdpZHRoJTNEJTIyNjAwJTIyJTIwaGVpZ2h0JTNEJTIyNDUwJTIyJTIwZnJhbWVib3JkZXIlM0QlMjIwJTIyJTIwc3R5bGUlM0QlMjJib3JkZXIlM0EwJTIyJTIwYWxsb3dmdWxsc2NyZWVuJTNFJTNDJTJGaWZyYW1lJTNF&#8221;][\/vc_column][\/vc_row]<\/p>\n<\/div>","protected":false},"excerpt":{"rendered":"<p>[vc_row row_type=&#8221;1&#8243; blox_class=&#8221;m-bottom kontaktowe1&#8243;][vc_column width=&#8221;6\/12&#8243; css=&#8221;.vc_custom_1491825688084{padding-right: 0px !important;padding-left: 0px !important;}&#8221;][vc_column_text] [\/vc_column_text][vc_column_text css=&#8221;.vc_custom_1674758403537{margin-bottom: 0px !important;padding-top: 10px !important;padding-right: 20px !important;background-color: #b7d03e !important;}&#8221;] Where to find ATOMY STUDIO Ul. Grodzisko 41 30-398 Krak\u00f3w Here to help hello@atomystudio.com +48 501 61 55 99 [\/vc_column_text][\/vc_column][vc_column width=&#8221;6\/12&#8243; css=&#8221;.vc_custom_1491824123714{padding-right: 0px !important;padding-left: 0px !important;}&#8221;][vc_single_image image=&#8221;11112&#8243; img_size=&#8221;full&#8221; alignment=&#8221;center&#8221;][\/vc_column][\/vc_row][vc_row row_type=&#8221;1&#8243; blox_class=&#8221;m-bottom&#8221;][vc_column css=&#8221;.vc_custom_1454746472228{padding-top: 5px !important;}&#8221;][\/vc_column][\/vc_row][vc_row row_type=&#8221;1&#8243; blox_class=&#8221;m-bottom kontaktowe&#8221;][vc_column width=&#8221;5\/12&#8243; css=&#8221;.vc_custom_1491824632587{padding-right: 0px !important;padding-left: 0px !important;background-color: #f9f9f9 !important;}&#8221;][vc_column_text] [\/vc_column_text][vc_column_text css=&#8221;.vc_custom_1674758424531{padding-top: 10px !important;padding-right: 20px !important;}&#8221;] Legal information Official registered company name: Atomy Studio S\u0142awomir F\u0105fara Address: Ul. Grodzisko 41 30-398 Krak\u00f3w Taxpayer Identification Number (NIP): 868-158-78-77 [\/vc_column_text][\/vc_column][vc_column width=&#8221;7\/12&#8243; css=&#8221;.vc_custom_1491824123714{padding-right: 0px !important;padding-left: 0px !important;}&#8221;][vc_gmaps link=&#8221;#E-8_JTNDaWZyYW1lJTIwc3JjJTNEJTIyaHR0cHMlM0ElMkYlMkZ3d3cuZ29vZ2xlLmNvbSUyRm1hcHMlMkZlbWJlZCUzRnBiJTNEJTIxMW0xOCUyMTFtMTIlMjExbTMlMjExZDI1NjAuOTIwNDE1MDA0NzAwOCUyMTJkMTkuOTU1OTY3NjE1NzE3NjY4JTIxM2Q1MC4wNjkwNTIwNzk0MjQ2MiUyMTJtMyUyMTFmMCUyMTJmMCUyMTNmMCUyMTNtMiUyMTFpMTAyNCUyMTJpNzY4JTIxNGYxMy4xJTIxM20zJTIxMW0yJTIxMXMweDQ3MTY1YjFmNDkzZjRmZTMlMjUzQTB4MzdkNWQyYmIzNjJlNTYxZSUyMTJzQXRvbXklMkJTdHVkaW8lMjE1ZTAlMjEzbTIlMjExc3BsJTIxMnNwbCUyMTR2MTQ4Nzg5NTMwMzM3NSUyMiUyMHdpZHRoJTNEJTIyNjAwJTIyJTIwaGVpZ2h0JTNEJTIyNDUwJTIyJTIwZnJhbWVib3JkZXIlM0QlMjIwJTIyJTIwc3R5bGUlM0QlMjJib3JkZXIlM0EwJTIyJTIwYWxsb3dmdWxsc2NyZWVuJTNFJTNDJTJGaWZyYW1lJTNF&#8221;][\/vc_column][\/vc_row]<\/p>\n","protected":false},"author":1,"featured_media":0,"parent":0,"menu_order":0,"comment_status":"closed","ping_status":"closed","template":"","meta":{"_exactmetrics_skip_tracking":false,"_exactmetrics_sitenote_active":false,"_exactmetrics_sitenote_note":"","_exactmetrics_sitenote_category":0,"footnotes":""},"class_list":["post-11043","page","type-page","status-publish","hentry"],"_links":{"self":[{"href":"https:\/\/atomystudio.com\/en\/wp-json\/wp\/v2\/pages\/11043"}],"collection":[{"href":"https:\/\/atomystudio.com\/en\/wp-json\/wp\/v2\/pages"}],"about":[{"href":"https:\/\/atomystudio.com\/en\/wp-json\/wp\/v2\/types\/page"}],"author":[{"embeddable":true,"href":"https:\/\/atomystudio.com\/en\/wp-json\/wp\/v2\/users\/1"}],"replies":[{"embeddable":true,"href":"https:\/\/atomystudio.com\/en\/wp-json\/wp\/v2\/comments?post=11043"}],"version-history":[{"count":13,"href":"https:\/\/atomystudio.com\/en\/wp-json\/wp\/v2\/pages\/11043\/revisions"}],"predecessor-version":[{"id":11853,"href":"https:\/\/atomystudio.com\/en\/wp-json\/wp\/v2\/pages\/11043\/revisions\/11853"}],"wp:attachment":[{"href":"https:\/\/atomystudio.com\/en\/wp-json\/wp\/v2\/media?parent=11043"}],"curies":[{"name":"wp","href":"https:\/\/api.w.org\/{rel}","templated":true}]}}