{"id":11045,"date":"2018-05-08T02:05:35","date_gmt":"2018-05-08T00:05:35","guid":{"rendered":"http:\/\/www.atomystudio.com\/?page_id=11045"},"modified":"2019-10-23T13:55:46","modified_gmt":"2019-10-23T11:55:46","slug":"visual-identity","status":"publish","type":"page","link":"https:\/\/atomystudio.com\/en\/idea\/visual-identity\/","title":{"rendered":"Visual identity"},"content":{"rendered":"<div class=\"wpb-content-wrapper\"><p>[vc_row row_type=&#8221;3&#8243; blox_image=&#8221;9336&#8243; align_center=&#8221;aligncenter&#8221; page_title=&#8221;page-title-x&#8221; blox_dark=&#8221;true&#8221; blox_bgcolor=&#8221;#b7d03e&#8221; parallax_speed=&#8221;7&#8243;][vc_column]<hr class=\"vertical-space4\">[vc_column_text css=&#8221;.vc_custom_1535057672568{padding-bottom: 11px !important;}&#8221;]<\/p>\n<h2 class=\"tytul\"><strong>VISUAL IDENTITY<\/strong><\/h2>\n<p>[\/vc_column_text][\/vc_column][\/vc_row][vc_row blox_class=&#8221;m-bottom&#8221;][vc_column css=&#8221;.vc_custom_1454746472228{padding-top: 5px !important;}&#8221;][vc_column_text el_class=&#8221;opis&#8221;]A logo or recognizable visual identity is one of your brand\u2019s key assets. It&#8217;s the one key asset that will be present on all of your sales, marketing and advertising material. Whether you\u2019re looking to create something from scratch or refresh an existing, brand identity, we can help you to build an identity that will be appealing to your target audience, that supports your efforts to stand out from the crowd, and that is optimized for use across print, digital, motion and social.[\/vc_column_text]<hr class=\"vertical-space4\"><!-- The Grid Plugin Version 2.1.0 --><!-- The Grid Wrapper Start --><div class=\"tg-grid-wrapper tg-nav-sqr-thick full-height\" id=\"grid-11446\" data-version=\"2.1.0\"><!-- The Grid Styles --><style class=\"tg-grid-styles\" type=\"text\/css\" scoped>#grid-11446 .tg-nav-border:hover,#grid-11446 .tg-page-number.tg-page-current,#grid-11446 .tg-filter.tg-filter-active:not(.tg-dropdown-item){border-color:#b7d03e}#grid-11446 .tg-nav-border,#grid-11446 .tg-dropdown-holder:hover,#grid-11446 .tg-search-inner:hover,#grid-11446 .tg-sorter-order:hover,#grid-11446 .tg-disabled:hover i{border:2px solid #DDDDDD}#grid-11446 .tg-search-clear,#grid-11446 .tg-search-clear:hover{border:none;border-left:2px solid #DDDDDD}#grid-11446 .tg-nav-color:not(.dots):not(.tg-dropdown-value):not(.tg-dropdown-title):hover,#grid-11446 .tg-nav-color:hover .tg-nav-color,#grid-11446 .tg-page-number.tg-page-current,#grid-11446 .tg-filter.tg-filter-active span:not(.tg-filter-count){color:#b7d03e}.tg-nav-sqr-thick .tg-page-number.dots{border:none !important}.tg-nav-sqr-thick .tg-grid-area-left i,.tg-nav-sqr-thick .tg-grid-area-left i:before,.tg-nav-sqr-thick .tg-grid-area-right i,.tg-nav-sqr-thick .tg-grid-area-right i:before{line-height:38px}.tg-nav-sqr-thick input[type=text].tg-search{height:36px}.tg-nav-sqr-thick .tg-nav-font,.tg-nav-sqr-thick input[type=text].tg-search{font-size:13px;font-weight:600;line-height:36px}.tg-nav-sqr-thick .tg-search::-webkit-input-placeholder{font-size:13px;font-weight:600;line-height:36px}.tg-nav-sqr-thick .tg-search::-moz-placeholder{font-size:13px;font-weight:600;line-height:36px}.tg-nav-sqr-thick .tg-search:-ms-input-placeholder{font-size:13px;font-weight:600;line-height:36px}.tg-nav-sqr-thick .tg-page-number.dots,.tg-nav-sqr-thick .tg-slider-bullets{height:40px}.tg-nav-sqr-thick .tg-search-icon,.tg-nav-sqr-thick .tg-search-clear,.tg-nav-sqr-thick .tg-sorter-order,.tg-nav-sqr-thick .tg-page-number,.tg-nav-sqr-thick .tg-left-arrow i,.tg-nav-sqr-thick .tg-right-arrow i{min-width:40px}.tg-nav-sqr-thick .tg-search-icon,.tg-nav-sqr-thick .tg-sorter-order i{font-weight:100}.tg-nav-sqr-thick .tg-page-number.dots,.tg-nav-sqr-thick .tg-search-inner,.tg-nav-sqr-thick .tg-search-clear,.tg-nav-sqr-thick .tg-sorter-order,.tg-nav-sqr-thick .tg-left-arrow,.tg-nav-sqr-thick .tg-right-arrow{border:none}.tg-nav-sqr-thick .tg-dropdown-list{margin-top:2px}#grid-11446 .tg-nav-color,#grid-11446 .tg-search-icon:hover:before,#grid-11446 .tg-search-icon:hover input,#grid-11446 .tg-disabled:hover .tg-icon-left-arrow,#grid-11446 .tg-disabled:hover .tg-icon-right-arrow,#grid-11446 .tg-dropdown-title.tg-nav-color:hover{color:#999999}#grid-11446 input.tg-search:hover{color:#999999 !important}#grid-11446 input.tg-search::-webkit-input-placeholder{color:#999999}#grid-11446 input.tg-search::-moz-placeholder{color:#999999;opacity:1}#grid-11446 input.tg-search:-ms-input-placeholder{color:#999999}.grid-11446 .tg-dropdown-item{color:#777777;background:#ffffff}.grid-11446 .tg-filter-active,.grid-11446 .tg-dropdown-item:hover{color:#444444;background:#f5f6fa}#grid-11446 .tg-slider-bullets li.tg-active-item span{background:#59585b}#grid-11446 .tg-slider-bullets li span{background:#DDDDDD}#grid-11446 .tg-grid-area-bottom2{text-align:center;padding-top:40px}.malabo a,.malabo a:active,.malabo a:focus,.malabo .tg-cats-holder,.malabo .tg-item-title{text-decoration:none;border:none;-webkit-box-shadow:none;box-shadow:none;-webkit-transition:opacity 0.25s ease,color 0.25s ease,-webkit-transform 0.3s ease-in-out;-moz-transition:opacity 0.25s ease,color 0.25s ease,-moz-transform 0.3s ease-in-out;-ms-transition:opacity 0.25s ease,color 0.25s ease,-ms-transform 0.3s ease-in-out;-o-transition:opacity 0.25s ease,color 0.25s ease,-o-transform 0.3s ease-in-out;transition:opacity 0.25s ease,color 0.25s ease,transform 0.3s ease-in-out}.malabo.tg-item{overflow:hidden}.malabo .tg-center-holder{text-align:center}.malabo .tg-item-content,.malabo .tg-item-media-holder,.malabo .tg-item-overlay{position:absolute;display:block;top:0;left:0;bottom:0;right:0}.malabo .tg-item-link{position:absolute;display:block;top:-500px;left:0;width:100%;height:1000%}.malabo .tg-item-overlay{top:10px;left:10px;bottom:10px;right:10px;-webkit-transform:matrix3d(0.75,0,0,0,0,0.75,0,0,0,0,1,0,0,0,0,1);-moz-transform:matrix3d(0.75,0,0,0,0,0.75,0,0,0,0,1,0,0,0,0,1);-ms-transform:matrix3d(0.75,0,0,0,0,0.75,0,0,0,0,1,0,0,0,0,1);-o-transform:matrix3d(0.75,0,0,0,0,0.75,0,0,0,0,1,0,0,0,0,1);transform:matrix3d(0.75,0,0,0,0,0.75,0,0,0,0,1,0,0,0,0,1)}.malabo:hover .tg-item-overlay{-webkit-transform:matrix3d(1,0,0,0,0,1,0,0,0,0,1,0,0,0,0,1);-moz-transform:matrix3d(1,0,0,0,0,1,0,0,0,0,1,0,0,0,0,1);-ms-transform:matrix3d(1,0,0,0,0,1,0,0,0,0,1,0,0,0,0,1);-o-transform:matrix3d(1,0,0,0,0,1,0,0,0,0,1,0,0,0,0,1);transform:matrix3d(1,0,0,0,0,1,0,0,0,0,1,0,0,0,0,1)}.malabo .tg-item-content{margin:22px 28px}.malabo .tg-item-content,.malabo .tg-item-overlay{opacity:0}.malabo:hover .tg-item-content,.malabo:hover .tg-item-overlay{opacity:1}.malabo .tg-item-title,.malabo .tg-item-title a{position:relative;display:block;font-size:20px;line-height:26px;font-weight:600;margin:0 !important;padding:0 !important}.tg-layout-justified .malabo .tg-item-title,.tg-layout-justified .malabo .tg-item-title a{font-size:16px;line-height:20px}.malabo .tg-item-title{margin:10px 0 !important;-webkit-transform:translate3d(0,-34px,0);-moz-transform:translate3d(0,-34px,0);-ms-transform:translate3d(0,-34px,0);-o-transform:translate3d(0,-34px,0);transform:translate3d(0,-34px,0)}.malabo .tg-cats-holder{position:relative;display:block;margin:10px 0 0 0;font-size:13px;line-height:18px;-webkit-transform:translate3d(0,34px,0);-moz-transform:translate3d(0,34px,0);-ms-transform:translate3d(0,34px,0);-o-transform:translate3d(0,34px,0);transform:translate3d(0,34px,0)}.malabo:hover .tg-link-button,.malabo:hover .tg-media-button,.malabo:hover .tg-cats-holder,.malabo:hover .tg-item-title{-webkit-transform:translate3d(0,0,0);-moz-transform:translate3d(0,0,0);-ms-transform:translate3d(0,0,0);-o-transform:translate3d(0,0,0);transform:translate3d(0,0,0)}.malabo .tg-link-button,.malabo .tg-media-button{position:relative;display:inline-block;vertical-align:top;margin:10px !important;padding:0 !important;top:0;right:0;width:35px;height:35px;cursor:pointer;text-align:center}.malabo .tg-media-button{-webkit-transform:translate3d(-40px,0,0);-moz-transform:translate3d(-40px,0,0);-ms-transform:translate3d(-40px,0,0);-o-transform:translate3d(-40px,0,0);transform:translate3d(-40px,0,0)}.malabo .tg-link-button{-webkit-transform:translate3d(40px,0,0);-moz-transform:translate3d(40px,0,0);-ms-transform:translate3d(40px,0,0);-o-transform:translate3d(40px,0,0);transform:translate3d(40px,0,0)}.malabo .tg-link-button:hover,.malabo .tg-media-button:hover{opacity:0.75}.malabo .tg-link-button i,.malabo .tg-media-button i{position:relative;display:block;width:35px;height:35px;font-size:22px;line-height:35px;cursor:pointer}.malabo .tg-media-button .tg-icon-add{font-size:28px}.tg-item .tg-dark div,.tg-item .tg-dark h1,.tg-item .tg-dark h1 a,.tg-item .tg-dark h2,.tg-item .tg-dark h2 a,.tg-item .tg-dark h3,.tg-item .tg-dark h3 a,.tg-item .tg-dark h4,.tg-item .tg-dark h4 a,.tg-item .tg-dark h5,.tg-item .tg-dark h5 a,.tg-item .tg-dark h6,.tg-item .tg-dark h6 a,.tg-item .tg-dark a,.tg-item .tg-dark a.tg-link-url,.tg-item .tg-dark i,.tg-item .tg-dark .tg-media-button,.tg-item .tg-dark .tg-item-price span{color:#444444;fill:#444444;stroke:#444444;border-color:#444444}.tg-item .tg-dark p,.tg-item .tg-dark ol,.tg-item .tg-dark ul,.tg-item .tg-dark li{color:#777777;fill:#777777;stroke:#777777;border-color:#777777}.tg-item .tg-dark span,.tg-item .tg-dark .no-liked .to-heart-icon path,.tg-item .tg-dark .empty-heart .to-heart-icon path,.tg-item .tg-dark .tg-item-comment i,.tg-item .tg-dark .tg-item-price del span{color:#999999;fill:#999999;stroke:#999999;border-color:#999999}.tg-item .tg-light div,.tg-item .tg-light h1,.tg-item .tg-light h1 a,.tg-item .tg-light h2,.tg-item .tg-light h2 a,.tg-item .tg-light h3,.tg-item .tg-light h3 a,.tg-item .tg-light h4,.tg-item .tg-light h4 a,.tg-item .tg-light h5,.tg-item .tg-light h5 a,.tg-item .tg-light h6,.tg-item .tg-light h6 a,.tg-item .tg-light a,.tg-item .tg-light a.tg-link-url,.tg-item .tg-light i,.tg-item .tg-light .tg-media-button,.tg-item .tg-light .tg-item-price span{color:#ffffff;fill:#ffffff;stroke:#ffffff;border-color:#ffffff}.tg-item .tg-light p,.tg-item .tg-light ol,.tg-item .tg-light ul,.tg-item .tg-light li{color:#f5f5f5;fill:#f5f5f5;stroke:#f5f5f5;border-color:#f5f5f5}.tg-item .tg-light span,.tg-item .tg-light .no-liked .to-heart-icon path,.tg-item .tg-light .empty-heart .to-heart-icon path,.tg-item .tg-light .tg-item-comment i,.tg-item .tg-light .tg-item-price del span{color:#f6f6f6;fill:#f6f6f6;stroke:#f6f6f6;border-color:#f6f6f6}#grid-11446 .tg-item-content-holder{background-color:#ffffff}#grid-11446 .tg-item-overlay{background-color:rgba(255,255,255,0.01)}<\/style><!-- The Grid Item Sizer --><div class=\"tg-grid-sizer\"><\/div><!-- The Grid Gutter Sizer --><div class=\"tg-gutter-sizer\"><\/div><!-- The Grid Items Holder --><div class=\"tg-grid-holder tg-layout-grid\"  data-name=\"Visual identity\"  data-style=\"grid\" data-row=\"1\" data-layout=\"vertical\" data-rtl=\"\" data-fitrows=\"\" data-filtercomb=\"\" data-filterlogic=\"AND\" data-filterload =\"\" data-sortbyload =\"\" data-orderload =\"false\" data-fullwidth=\"\" data-fullheight=\"null\" data-gutters=\"[[320,0],[480,0],[768,0],[980,0],[1200,0],[9999,0]]\" data-slider='{\"itemNav\":\"null\",\"swingSpeed\":0.1,\"cycleBy\":\"null\",\"cycle\":5000,\"startAt\":1}' data-ratio=\"1.78\" data-cols=\"[[320,&quot;1&quot;],[480,&quot;2&quot;],[768,&quot;3&quot;],[980,&quot;4&quot;],[1200,&quot;4&quot;],[9999,&quot;4&quot;]]\" data-rows=\"[[320,200],[480,200],[768,220],[980,220],[1200,240],[9999,240]]\" data-animation=\"{&quot;name&quot;:&quot;Fade in&quot;,&quot;visible&quot;:&quot;&quot;,&quot;hidden&quot;:&quot;&quot;}\" data-transition=\"700ms\" data-ajaxmethod=\"load_more\" data-ajaxdelay=\"100\" data-preloader=\"\" data-itemdelay=\"100\" data-gallery=\"\" data-ajax=\"\"><!-- The Grid item #1 --><article class=\"tg-item tg-post-11189 malabo f76 f74 f78 f77\" data-row=\"1\" data-col=\"1\"><div class=\"tg-item-inner\"><div class=\"tg-item-media-holder tg-light\"><div class=\"tg-item-media-inner\"><div class=\"tg-item-image\" style=\"background-image: url(https:\/\/atomystudio.com\/wp-content\/uploads\/2018\/02\/mem_3-01.png)\"><\/div><\/div><div class=\"tg-item-overlay\"><\/div><div class=\"tg-item-content\"><div class=\"tg-center-holder\"><div class=\"tg-center-inner\"><a class=\"tg-item-link\" href=\"https:\/\/atomystudio.com\/en\/portfolio\/wavelos-goodies-for-facebook\/\" target=\"_self\"><\/a><h2 class=\"tg-item-title\"><a href=\"https:\/\/atomystudio.com\/en\/portfolio\/wavelos-goodies-for-facebook\/\" target=\"_self\">Wavelo&#8217;s goodies for Facebook<\/a><\/h2><a id=\"tolb-1144611189\" class=\"tg-media-button\" data-tolb-src=\"https:\/\/atomystudio.com\/wp-content\/uploads\/2018\/02\/mem_3-01.png\" data-tolb-type=\"image\" data-tolb-alt=\"Mem_3-01\"><i class=\"tg-icon-add\"><\/i><\/a><a class=\"tg-link-button\" href=\"https:\/\/atomystudio.com\/en\/portfolio\/wavelos-goodies-for-facebook\/\" target=\"_self\"><i class=\"tg-icon-link\"><\/i><\/a><\/div><\/div><\/div><\/div><\/div><\/article><!-- The Grid item #2 --><article class=\"tg-item tg-post-11198 malabo f76 f74 f78 f77\" data-row=\"1\" data-col=\"1\"><div class=\"tg-item-inner\"><div class=\"tg-item-media-holder tg-light\"><div class=\"tg-item-media-inner\"><div class=\"tg-item-gallery-holder\"><div class=\"tg-item-image first-image show\" style=\"background-image: url(https:\/\/atomystudio.com\/wp-content\/uploads\/2017\/09\/wlepki-1.gif)\"><\/div><\/div><\/div><div class=\"tg-item-overlay\"><\/div><div class=\"tg-item-content\"><div class=\"tg-center-holder\"><div class=\"tg-center-inner\"><a class=\"tg-item-link\" href=\"https:\/\/atomystudio.com\/en\/portfolio\/wavelo\/\" target=\"_blank\"><\/a><h2 class=\"tg-item-title\"><a href=\"https:\/\/atomystudio.com\/en\/portfolio\/wavelo\/\" target=\"_blank\">WAVELO<\/a><\/h2><a id=\"tolb-1144611198\" class=\"tg-media-button\" data-tolb-src=\"https:\/\/atomystudio.com\/wp-content\/uploads\/2017\/09\/wlepki-1.gif\" data-tolb-type=\"image\" data-tolb-alt=\"Wlepki\"><i class=\"tg-icon-add\"><\/i><\/a><a class=\"tg-link-button\" href=\"https:\/\/atomystudio.com\/en\/portfolio\/wavelo\/\" target=\"_blank\"><i class=\"tg-icon-link\"><\/i><\/a><\/div><\/div><\/div><\/div><\/div><\/article><!-- The Grid item #3 --><article class=\"tg-item tg-post-11201 malabo f69 f76 f74 f78 f70 f68 f83 f79 f77\" data-row=\"1\" data-col=\"1\"><div class=\"tg-item-inner\"><div class=\"tg-item-media-holder tg-light\"><div class=\"tg-item-overlay\"><\/div><div class=\"tg-item-content\"><div class=\"tg-center-holder\"><div class=\"tg-center-inner\"><a class=\"tg-item-link\" href=\"https:\/\/atomystudio.com\/en\/portfolio\/wavelo-3-different-ways-to-login-animated-explainer\/\" target=\"_self\"><\/a><h2 class=\"tg-item-title\"><a href=\"https:\/\/atomystudio.com\/en\/portfolio\/wavelo-3-different-ways-to-login-animated-explainer\/\" target=\"_self\">Wavelo | Krakow City Bike | 3 different ways to login | animated explainer<\/a><\/h2><a id=\"tolb-1144611201\" class=\"tg-media-button\" data-tolb-src=\"199644685\" data-tolb-type=\"vimeo\" data-tolb-alt=\"\"><i class=\"tg-icon-play\"><\/i><\/a><a class=\"tg-link-button\" href=\"https:\/\/atomystudio.com\/en\/portfolio\/wavelo-3-different-ways-to-login-animated-explainer\/\" target=\"_self\"><i class=\"tg-icon-link\"><\/i><\/a><\/div><\/div><\/div><\/div><\/div><\/article><!-- The Grid item #4 --><article class=\"tg-item tg-post-11202 malabo f69 f76 f74 f78 f70 f68 f83 f79 f77\" data-row=\"1\" data-col=\"1\"><div class=\"tg-item-inner\"><div class=\"tg-item-media-holder tg-light\"><div class=\"tg-item-overlay\"><\/div><div class=\"tg-item-content\"><div class=\"tg-center-holder\"><div class=\"tg-center-inner\"><a class=\"tg-item-link\" href=\"https:\/\/atomystudio.com\/en\/portfolio\/wavelo-what-we-are-planning-animated-explainer\/\" target=\"_self\"><\/a><h2 class=\"tg-item-title\"><a href=\"https:\/\/atomystudio.com\/en\/portfolio\/wavelo-what-we-are-planning-animated-explainer\/\" target=\"_self\">Wavelo | Krakow City Bike | what we are planning | animated explainer<\/a><\/h2><a id=\"tolb-1144611202\" class=\"tg-media-button\" data-tolb-src=\"199644047\" data-tolb-type=\"vimeo\" data-tolb-alt=\"\"><i class=\"tg-icon-play\"><\/i><\/a><a class=\"tg-link-button\" href=\"https:\/\/atomystudio.com\/en\/portfolio\/wavelo-what-we-are-planning-animated-explainer\/\" target=\"_self\"><i class=\"tg-icon-link\"><\/i><\/a><\/div><\/div><\/div><\/div><\/div><\/article><!-- The Grid item #5 --><article class=\"tg-item tg-post-11203 malabo f69 f76 f74 f78 f70 f68 f83 f79 f77\" data-row=\"1\" data-col=\"1\"><div class=\"tg-item-inner\"><div class=\"tg-item-media-holder tg-light\"><div class=\"tg-item-overlay\"><\/div><div class=\"tg-item-content\"><div class=\"tg-center-holder\"><div class=\"tg-center-inner\"><a class=\"tg-item-link\" href=\"https:\/\/atomystudio.com\/en\/portfolio\/wavelo-lets-get-to-know-each-other-animated-explainer\/\" target=\"_self\"><\/a><h2 class=\"tg-item-title\"><a href=\"https:\/\/atomystudio.com\/en\/portfolio\/wavelo-lets-get-to-know-each-other-animated-explainer\/\" target=\"_self\">Wavelo | Krakow City Bike | let\u2019s get to know each other | animated explainer<\/a><\/h2><a id=\"tolb-1144611203\" class=\"tg-media-button\" data-tolb-src=\"199645113\" data-tolb-type=\"vimeo\" data-tolb-alt=\"\"><i class=\"tg-icon-play\"><\/i><\/a><a class=\"tg-link-button\" href=\"https:\/\/atomystudio.com\/en\/portfolio\/wavelo-lets-get-to-know-each-other-animated-explainer\/\" target=\"_self\"><i class=\"tg-icon-link\"><\/i><\/a><\/div><\/div><\/div><\/div><\/div><\/article><!-- The Grid item #6 --><article class=\"tg-item tg-post-11204 malabo f76 f74 f78 f70 f68 f71 f79 f73 f77\" data-row=\"1\" data-col=\"1\"><div class=\"tg-item-inner\"><div class=\"tg-item-media-holder tg-light\"><div class=\"tg-item-overlay\"><\/div><div class=\"tg-item-content\"><div class=\"tg-center-holder\"><div class=\"tg-center-inner\"><a class=\"tg-item-link\" href=\"https:\/\/atomystudio.com\/en\/portfolio\/wavelo-krakow-city-bike-instructional-video\/\" target=\"_self\"><\/a><h2 class=\"tg-item-title\"><a href=\"https:\/\/atomystudio.com\/en\/portfolio\/wavelo-krakow-city-bike-instructional-video\/\" target=\"_self\">Wavelo | Krakow City Bike | instructional video<\/a><\/h2><a id=\"tolb-1144611204\" class=\"tg-media-button\" data-tolb-src=\"201639754\" data-tolb-type=\"vimeo\" data-tolb-alt=\"\"><i class=\"tg-icon-play\"><\/i><\/a><a class=\"tg-link-button\" href=\"https:\/\/atomystudio.com\/en\/portfolio\/wavelo-krakow-city-bike-instructional-video\/\" target=\"_self\"><i class=\"tg-icon-link\"><\/i><\/a><\/div><\/div><\/div><\/div><\/div><\/article><!-- The Grid item #7 --><article class=\"tg-item tg-post-11218 malabo f76 f74 f77\" data-row=\"1\" data-col=\"1\"><div class=\"tg-item-inner\"><div class=\"tg-item-media-holder tg-light\"><div class=\"tg-item-media-inner\"><div class=\"tg-item-image\" style=\"background-image: url(https:\/\/atomystudio.com\/wp-content\/uploads\/2017\/03\/identyfikacja-wizualna.jpg)\"><\/div><\/div><div class=\"tg-item-overlay\"><\/div><div class=\"tg-item-content\"><div class=\"tg-center-holder\"><div class=\"tg-center-inner\"><a class=\"tg-item-link\" href=\"https:\/\/atomystudio.com\/en\/portfolio\/cmielow-chodziez-identyfikacja-wizualna\/\" target=\"_self\"><\/a><h2 class=\"tg-item-title\"><a href=\"https:\/\/atomystudio.com\/en\/portfolio\/cmielow-chodziez-identyfikacja-wizualna\/\" target=\"_self\">\u0106miel\u00f3w Chodzie\u017c | Identyfikacja wizualna<\/a><\/h2><a id=\"tolb-1144611218\" class=\"tg-media-button\" data-tolb-src=\"https:\/\/atomystudio.com\/wp-content\/uploads\/2017\/03\/identyfikacja-wizualna.jpg\" data-tolb-type=\"image\" data-tolb-alt=\"Identyfikacja-wizualna\"><i class=\"tg-icon-add\"><\/i><\/a><a class=\"tg-link-button\" href=\"https:\/\/atomystudio.com\/en\/portfolio\/cmielow-chodziez-identyfikacja-wizualna\/\" target=\"_self\"><i class=\"tg-icon-link\"><\/i><\/a><\/div><\/div><\/div><\/div><\/div><\/article><\/div><\/div><!-- The Grid Wrapper End --><hr class=\"vertical-space5\">[\/vc_column][\/vc_row]<\/p>\n<\/div>","protected":false},"excerpt":{"rendered":"<p>[vc_row row_type=&#8221;3&#8243; blox_image=&#8221;9336&#8243; align_center=&#8221;aligncenter&#8221; page_title=&#8221;page-title-x&#8221; blox_dark=&#8221;true&#8221; blox_bgcolor=&#8221;#b7d03e&#8221; parallax_speed=&#8221;7&#8243;][vc_column][vc_column_text css=&#8221;.vc_custom_1535057672568{padding-bottom: 11px !important;}&#8221;] VISUAL IDENTITY [\/vc_column_text][\/vc_column][\/vc_row][vc_row blox_class=&#8221;m-bottom&#8221;][vc_column css=&#8221;.vc_custom_1454746472228{padding-top: 5px !important;}&#8221;][vc_column_text el_class=&#8221;opis&#8221;]A logo or recognizable visual identity is one of your brand\u2019s key assets. It&#8217;s the one key asset that will be present on all of your sales, marketing and advertising material. Whether you\u2019re looking to create something from scratch or refresh an existing, brand identity, we can help you to build an identity that will be appealing to your target audience, that supports your efforts to stand out from the crowd, and that is optimized for use across print, digital, motion and social.[\/vc_column_text][\/vc_column][\/vc_row]<\/p>\n","protected":false},"author":1,"featured_media":0,"parent":11047,"menu_order":0,"comment_status":"closed","ping_status":"closed","template":"","meta":{"_exactmetrics_skip_tracking":false,"_exactmetrics_sitenote_active":false,"_exactmetrics_sitenote_note":"","_exactmetrics_sitenote_category":0,"footnotes":""},"class_list":["post-11045","page","type-page","status-publish","hentry"],"_links":{"self":[{"href":"https:\/\/atomystudio.com\/en\/wp-json\/wp\/v2\/pages\/11045"}],"collection":[{"href":"https:\/\/atomystudio.com\/en\/wp-json\/wp\/v2\/pages"}],"about":[{"href":"https:\/\/atomystudio.com\/en\/wp-json\/wp\/v2\/types\/page"}],"author":[{"embeddable":true,"href":"https:\/\/atomystudio.com\/en\/wp-json\/wp\/v2\/users\/1"}],"replies":[{"embeddable":true,"href":"https:\/\/atomystudio.com\/en\/wp-json\/wp\/v2\/comments?post=11045"}],"version-history":[{"count":6,"href":"https:\/\/atomystudio.com\/en\/wp-json\/wp\/v2\/pages\/11045\/revisions"}],"predecessor-version":[{"id":11675,"href":"https:\/\/atomystudio.com\/en\/wp-json\/wp\/v2\/pages\/11045\/revisions\/11675"}],"up":[{"embeddable":true,"href":"https:\/\/atomystudio.com\/en\/wp-json\/wp\/v2\/pages\/11047"}],"wp:attachment":[{"href":"https:\/\/atomystudio.com\/en\/wp-json\/wp\/v2\/media?parent=11045"}],"curies":[{"name":"wp","href":"https:\/\/api.w.org\/{rel}","templated":true}]}}